{"id":997,"date":"2021-03-10T11:30:18","date_gmt":"2021-03-10T10:30:18","guid":{"rendered":"https:\/\/onf-bf.org\/?page_id=997"},"modified":"2022-06-02T12:47:29","modified_gmt":"2022-06-02T10:47:29","slug":"projet-aster","status":"publish","type":"page","link":"https:\/\/onf-bf.org\/index.php\/projet-aster\/","title":{"rendered":"Projet ASTER"},"content":{"rendered":"\t\t<div data-elementor-type=\"wp-page\" data-elementor-id=\"997\" class=\"elementor elementor-997\" data-elementor-settings=\"[]\">\r\n\t\t\t\t\t\t<div class=\"elementor-inner\">\r\n\t\t\t\t\t\t\t<div class=\"elementor-section-wrap\">\r\n\t\t\t\t\t\t\t<section class=\"elementor-section elementor-top-section elementor-element elementor-element-54c477b elementor-section-boxed elementor-section-height-default elementor-section-height-default\" data-id=\"54c477b\" data-element_type=\"section\">\r\n\t\t\t\t\t\t<div class=\"elementor-container elementor-column-gap-default\">\r\n\t\t\t\t\t\t\t<div class=\"elementor-row\">\r\n\t\t\t\t\t<div class=\"elementor-column elementor-col-100 elementor-top-column elementor-element elementor-element-9a08282\" data-id=\"9a08282\" data-element_type=\"column\">\r\n\t\t\t<div class=\"elementor-column-wrap elementor-element-populated\">\r\n\t\t\t\t\t\t\t<div class=\"elementor-widget-wrap\">\r\n\t\t\t\t\t\t<div class=\"elementor-element elementor-element-75fa468 elementor-widget elementor-widget-heading\" data-id=\"75fa468\" data-element_type=\"widget\" data-widget_type=\"heading.default\">\r\n\t\t\t\t<div class=\"elementor-widget-container\">\r\n\t\t\t<h4 class=\"elementor-heading-title elementor-size-default\">BURKINA FASO AMELIORTION ET SECURISATION DES \nTERRES VERS LA RESILIENCE(ASTER)\n<\/h4>\t\t<\/div>\r\n\t\t\t\t<\/div>\r\n\t\t\t\t\t\t<\/div>\r\n\t\t\t\t\t<\/div>\r\n\t\t<\/div>\r\n\t\t\t\t\t\t\t\t<\/div>\r\n\t\t\t\t\t<\/div>\r\n\t\t<\/section>\r\n\t\t\t\t<section class=\"elementor-section elementor-top-section elementor-element elementor-element-7eb000e elementor-section-content-middle elementor-section-stretched elementor-section-boxed elementor-section-height-default elementor-section-height-default\" data-id=\"7eb000e\" data-element_type=\"section\" data-settings=\"{&quot;stretch_section&quot;:&quot;section-stretched&quot;}\">\r\n\t\t\t\t\t\t<div class=\"elementor-container elementor-column-gap-extended\">\r\n\t\t\t\t\t\t\t<div class=\"elementor-row\">\r\n\t\t\t\t\t<div class=\"elementor-column elementor-col-50 elementor-top-column elementor-element elementor-element-f892242\" data-id=\"f892242\" data-element_type=\"column\">\r\n\t\t\t<div class=\"elementor-column-wrap elementor-element-populated\">\r\n\t\t\t\t\t\t\t<div class=\"elementor-widget-wrap\">\r\n\t\t\t\t\t\t<div class=\"elementor-element elementor-element-420f278 elementor-widget-divider--view-line elementor-widget elementor-widget-divider\" data-id=\"420f278\" data-element_type=\"widget\" data-widget_type=\"divider.default\">\r\n\t\t\t\t<div class=\"elementor-widget-container\">\r\n\t\t\t\t\t<div class=\"elementor-divider\">\r\n\t\t\t<span class=\"elementor-divider-separator\">\r\n\t\t\t\t\t\t<\/span>\r\n\t\t<\/div>\r\n\t\t\t\t<\/div>\r\n\t\t\t\t<\/div>\r\n\t\t\t\t<div class=\"elementor-element elementor-element-57f2cdd elementor-widget elementor-widget-image\" data-id=\"57f2cdd\" data-element_type=\"widget\" data-widget_type=\"image.default\">\r\n\t\t\t\t<div class=\"elementor-widget-container\">\r\n\t\t\t\t\t\t\t\t<div class=\"elementor-image\">\r\n\t\t\t\t\t\t\t\t\t\t\t\t\t<a href=\"http:\/\/onf-bf.org\/wp-content\/uploads\/2022\/06\/ASTER-Factsheet-French-April-2022-Final.pdf\">\r\n\t\t\t\t\t\t\t<img loading=\"lazy\" decoding=\"async\" width=\"399\" height=\"526\" src=\"https:\/\/onf-bf.org\/wp-content\/uploads\/2022\/06\/aster.png\" class=\"attachment-large size-large\" alt=\"\" srcset=\"https:\/\/onf-bf.org\/wp-content\/uploads\/2022\/06\/aster.png 399w, https:\/\/onf-bf.org\/wp-content\/uploads\/2022\/06\/aster-228x300.png 228w\" sizes=\"auto, (max-width: 399px) 100vw, 399px\" \/>\t\t\t\t\t\t\t\t<\/a>\r\n\t\t\t\t\t\t\t\t\t\t\t\t\t\t<\/div>\r\n\t\t\t\t\t\t<\/div>\r\n\t\t\t\t<\/div>\r\n\t\t\t\t\t\t<\/div>\r\n\t\t\t\t\t<\/div>\r\n\t\t<\/div>\r\n\t\t\t\t<div class=\"elementor-column elementor-col-50 elementor-top-column elementor-element elementor-element-03af98a\" data-id=\"03af98a\" data-element_type=\"column\">\r\n\t\t\t<div class=\"elementor-column-wrap elementor-element-populated\">\r\n\t\t\t\t\t\t\t<div class=\"elementor-widget-wrap\">\r\n\t\t\t\t\t\t<div class=\"elementor-element elementor-element-d41a351 elementor-widget elementor-widget-text-editor\" data-id=\"d41a351\" data-element_type=\"widget\" data-widget_type=\"text-editor.default\">\r\n\t\t\t\t<div class=\"elementor-widget-container\">\r\n\t\t\t\t\t\t\t\t<div class=\"elementor-text-editor elementor-clearfix\">\r\n\t\t\t\t<p>Au Burkina Faso, plusieurs facteurs favorisent l\u2019ins\u00e9curit\u00e9 fonci\u00e8re, notamment la pression d\u00e9mographique, les changements climatiques, faiblesse du syst\u00e8me de gouvernance fonci\u00e8re rurale et aussi la pesanteur socioculturelle. Cela contribue \u00e0 augmenter la vuln\u00e9rabilit\u00e9 des m\u00e9nages \u00e0 l\u2019ins\u00e9curit\u00e9 alimentaire et \u00e0 favoriser la multiplication des conflits fonciers, mettant ainsi \u00e0 mal la coh\u00e9sion sociale, et \u00e0 la paix au niveau communautaire. ASTER vise \u00e0 am\u00e9liorer l&rsquo;acc\u00e8s s\u00e9curis\u00e9 \u00e0 la terre pour les groupes vuln\u00e9rables, en particulier les femmes et les jeunes.<\/p><p style=\"text-align: left;\"><a href=\"http:\/\/onf-bf.org\/wp-content\/uploads\/2022\/06\/ASTER-Factsheet-French-April-2022-Final.pdf\"><span style=\"color: #339966;\"><strong><span style=\"color: #339966;\">T\u00e9l\u00e9charger<\/span> le prospectus <\/strong><\/span><img loading=\"lazy\" decoding=\"async\" class=\"alignnone size-full wp-image-1029\" src=\"http:\/\/onf-bf.org\/wp-content\/uploads\/2021\/01\/fi-download-e1648648456852.png\" alt=\"\" width=\"20\" height=\"20\" \/><\/a><\/p>\t\t\t\t\t<\/div>\r\n\t\t\t\t\t\t<\/div>\r\n\t\t\t\t<\/div>\r\n\t\t\t\t\t\t<\/div>\r\n\t\t\t\t\t<\/div>\r\n\t\t<\/div>\r\n\t\t\t\t\t\t\t\t<\/div>\r\n\t\t\t\t\t<\/div>\r\n\t\t<\/section>\r\n\t\t\t\t\t\t<\/div>\r\n\t\t\t\t\t\t<\/div>\r\n\t\t\t\t\t<\/div>\r\n\t\t","protected":false},"excerpt":{"rendered":"<p>BURKINA FASO AMELIORTION ET SECURISATION DES TERRES VERS LA RESILIENCE(ASTER) Au Burkina Faso, plusieurs facteurs favorisent l\u2019ins\u00e9curit\u00e9 fonci\u00e8re, notamment la<\/p>\n","protected":false},"author":1,"featured_media":0,"parent":0,"menu_order":0,"comment_status":"closed","ping_status":"closed","template":"","meta":{"footnotes":""},"class_list":["post-997","page","type-page","status-publish","hentry"],"_links":{"self":[{"href":"https:\/\/onf-bf.org\/index.php\/wp-json\/wp\/v2\/pages\/997","targetHints":{"allow":["GET"]}}],"collection":[{"href":"https:\/\/onf-bf.org\/index.php\/wp-json\/wp\/v2\/pages"}],"about":[{"href":"https:\/\/onf-bf.org\/index.php\/wp-json\/wp\/v2\/types\/page"}],"author":[{"embeddable":true,"href":"https:\/\/onf-bf.org\/index.php\/wp-json\/wp\/v2\/users\/1"}],"replies":[{"embeddable":true,"href":"https:\/\/onf-bf.org\/index.php\/wp-json\/wp\/v2\/comments?post=997"}],"version-history":[{"count":11,"href":"https:\/\/onf-bf.org\/index.php\/wp-json\/wp\/v2\/pages\/997\/revisions"}],"predecessor-version":[{"id":1419,"href":"https:\/\/onf-bf.org\/index.php\/wp-json\/wp\/v2\/pages\/997\/revisions\/1419"}],"wp:attachment":[{"href":"https:\/\/onf-bf.org\/index.php\/wp-json\/wp\/v2\/media?parent=997"}],"curies":[{"name":"wp","href":"https:\/\/api.w.org\/{rel}","templated":true}]}}