{"id":673,"date":"2021-01-14T12:31:28","date_gmt":"2021-01-14T11:31:28","guid":{"rendered":"http:\/\/onf-bf.org\/?page_id=673"},"modified":"2022-05-16T15:55:15","modified_gmt":"2022-05-16T13:55:15","slug":"textes-juridiques-sur-le-foncier-au-burkina-faso","status":"publish","type":"page","link":"https:\/\/onf-bf.org\/index.php\/textes-juridiques-sur-le-foncier-au-burkina-faso\/","title":{"rendered":"Textes juridiques sur le foncier au Burkina Faso"},"content":{"rendered":"\t\t<div data-elementor-type=\"wp-page\" data-elementor-id=\"673\" class=\"elementor elementor-673\" data-elementor-settings=\"[]\">\r\n\t\t\t\t\t\t<div class=\"elementor-inner\">\r\n\t\t\t\t\t\t\t<div class=\"elementor-section-wrap\">\r\n\t\t\t\t\t\t\t<section class=\"elementor-section elementor-top-section elementor-element elementor-element-98595e7 elementor-section-boxed elementor-section-height-default elementor-section-height-default\" data-id=\"98595e7\" data-element_type=\"section\">\r\n\t\t\t\t\t\t<div class=\"elementor-container elementor-column-gap-default\">\r\n\t\t\t\t\t\t\t<div class=\"elementor-row\">\r\n\t\t\t\t\t<div class=\"elementor-column elementor-col-100 elementor-top-column elementor-element elementor-element-9de5c05\" data-id=\"9de5c05\" data-element_type=\"column\">\r\n\t\t\t<div class=\"elementor-column-wrap elementor-element-populated\">\r\n\t\t\t\t\t\t\t<div class=\"elementor-widget-wrap\">\r\n\t\t\t\t\t\t<div class=\"elementor-element elementor-element-d48712f elementor-widget elementor-widget-heading\" data-id=\"d48712f\" data-element_type=\"widget\" data-widget_type=\"heading.default\">\r\n\t\t\t\t<div class=\"elementor-widget-container\">\r\n\t\t\t<h3 class=\"elementor-heading-title elementor-size-default\">Textes juridique sur le foncier au Burkina Faso<br><\/h3>\t\t<\/div>\r\n\t\t\t\t<\/div>\r\n\t\t\t\t\t\t<\/div>\r\n\t\t\t\t\t<\/div>\r\n\t\t<\/div>\r\n\t\t\t\t\t\t\t\t<\/div>\r\n\t\t\t\t\t<\/div>\r\n\t\t<\/section>\r\n\t\t\t\t<section class=\"elementor-section elementor-top-section elementor-element elementor-element-db8fbd8 elementor-section-boxed elementor-section-height-default elementor-section-height-default\" data-id=\"db8fbd8\" data-element_type=\"section\">\r\n\t\t\t\t\t\t<div class=\"elementor-container elementor-column-gap-default\">\r\n\t\t\t\t\t\t\t<div class=\"elementor-row\">\r\n\t\t\t\t\t<div class=\"elementor-column elementor-col-100 elementor-top-column elementor-element elementor-element-aa30b53\" data-id=\"aa30b53\" data-element_type=\"column\">\r\n\t\t\t<div class=\"elementor-column-wrap elementor-element-populated\">\r\n\t\t\t\t\t\t\t<div class=\"elementor-widget-wrap\">\r\n\t\t\t\t\t\t<div class=\"elementor-element elementor-element-49eb13a elementor-widget elementor-widget-shortcode\" data-id=\"49eb13a\" data-element_type=\"widget\" data-widget_type=\"shortcode.default\">\r\n\t\t\t\t<div class=\"elementor-widget-container\">\r\n\t\t\t\t\t<div class=\"elementor-shortcode\">\n<table id=\"tablepress-2\" class=\"tablepress tablepress-id-2\">\n<thead>\n<tr class=\"row-1 odd\">\n\t<th class=\"column-1\">Intitul\u00e9 du document<\/th><th class=\"column-2\">Description<\/th><th class=\"column-3\">Lien de t\u00e9l\u00e9chargement<\/th>\n<\/tr>\n<\/thead>\n<tbody class=\"row-hover\">\n<tr class=\"row-2 even\">\n\t<td class=\"column-1\"><a href=\"http:\/\/onf-bf.org\/wp-content\/uploads\/2022\/05\/CIASPHF-Version-finale.pdf\">CIASPHF<\/a><\/td><td class=\"column-2\">DECRET N\u00b0 2018-0461\/PRES promulguant la loi n\u00b0017-2018\/AN du 17 mai 2018 portant code des investissements agro-sylvo-pastoral, halieutique et faunique au Burkina Faso.<\/td><td class=\"column-3\"><a href=\"http:\/\/onf-bf.org\/wp-content\/uploads\/2022\/05\/CIASPHF-Version-finale.pdf\"><img loading=\"lazy\" decoding=\"async\" src=\"http:\/\/onf-bf.org\/wp-content\/uploads\/2022\/05\/pdf-logo-telechargement-removebg-preview-300x296.png\" alt=\"\" width=\"100\" height=\"100\" class=\"alignnone size-medium wp-image-1397\" \/><\/a><\/td>\n<\/tr>\n<tr class=\"row-3 odd\">\n\t<td class=\"column-1\"><a href=\"http:\/\/onf-bf.org\/wp-content\/uploads\/2022\/05\/Loi-034-sur-le-pastoralisme.pdf\">LOI NO 034-2002\/AN PORTAN LOI D\u2019ORIENTATION RELATIVE AU PASTORALISME AU BURKINA FASO<\/a><\/td><td class=\"column-2\">DECRET No 2002-572\/PRES du 13 d\u00e9cembre 2002, promulguant la loi num\u00e9ro 034-2002\/AN du 14 novembre 2002 portant loi d\u2019orientation relative au pastoralisme au Burkina Faso<\/td><td class=\"column-3\"><a href=\"http:\/\/onf-bf.org\/wp-content\/uploads\/2022\/05\/Loi-034-sur-le-pastoralisme.pdf\"><img loading=\"lazy\" decoding=\"async\" src=\"http:\/\/onf-bf.org\/wp-content\/uploads\/2022\/05\/pdf-logo-telechargement-removebg-preview-300x296.png\" alt=\"\" width=\"100\" height=\"100\" class=\"alignnone size-medium wp-image-1397\" \/><\/a><\/td>\n<\/tr>\n<tr class=\"row-4 even\">\n\t<td class=\"column-1\"><a href=\"http:\/\/onf-bf.org\/wp-content\/uploads\/2022\/05\/Brochure_Loi-034-et-ses-de\u0301crets_v3ok.pdf \">LOI N\u00b0034-2009\/AN portant r\u00e9gime foncier rural du 16 juin 2009<\/a><\/td><td class=\"column-2\">La pr\u00e9sente loi d\u00e9termine le r\u00e9gime domanial et foncier applicable aux terres rurales ainsi que les principes de s\u00e9curisation fonci\u00e8re de l'ensemble des acteurs du foncier rural. <\/td><td class=\"column-3\"><a href=\"http:\/\/onf-bf.org\/wp-content\/uploads\/2022\/05\/Brochure_Loi-034-et-ses-de\u0301crets_v3ok.pdf\"><img loading=\"lazy\" decoding=\"async\" src=\"http:\/\/onf-bf.org\/wp-content\/uploads\/2022\/05\/pdf-logo-telechargement-removebg-preview-300x296.png\" alt=\"\" width=\"100\" height=\"100\" class=\"alignnone size-medium wp-image-1397\" \/><\/a><\/td>\n<\/tr>\n<tr class=\"row-5 odd\">\n\t<td class=\"column-1\"><\/td><td class=\"column-2\"><\/td><td class=\"column-3\"><\/td>\n<\/tr>\n<\/tbody>\n<\/table>\n<!-- #tablepress-2 from cache --><\/div>\r\n\t\t\t\t<\/div>\r\n\t\t\t\t<\/div>\r\n\t\t\t\t\t\t<\/div>\r\n\t\t\t\t\t<\/div>\r\n\t\t<\/div>\r\n\t\t\t\t\t\t\t\t<\/div>\r\n\t\t\t\t\t<\/div>\r\n\t\t<\/section>\r\n\t\t\t\t\t\t<\/div>\r\n\t\t\t\t\t\t<\/div>\r\n\t\t\t\t\t<\/div>\r\n\t\t","protected":false},"excerpt":{"rendered":"<p>Textes juridique sur le foncier au Burkina Faso<\/p>\n","protected":false},"author":1,"featured_media":0,"parent":0,"menu_order":0,"comment_status":"closed","ping_status":"closed","template":"","meta":{"footnotes":""},"class_list":["post-673","page","type-page","status-publish","hentry"],"_links":{"self":[{"href":"https:\/\/onf-bf.org\/index.php\/wp-json\/wp\/v2\/pages\/673","targetHints":{"allow":["GET"]}}],"collection":[{"href":"https:\/\/onf-bf.org\/index.php\/wp-json\/wp\/v2\/pages"}],"about":[{"href":"https:\/\/onf-bf.org\/index.php\/wp-json\/wp\/v2\/types\/page"}],"author":[{"embeddable":true,"href":"https:\/\/onf-bf.org\/index.php\/wp-json\/wp\/v2\/users\/1"}],"replies":[{"embeddable":true,"href":"https:\/\/onf-bf.org\/index.php\/wp-json\/wp\/v2\/comments?post=673"}],"version-history":[{"count":10,"href":"https:\/\/onf-bf.org\/index.php\/wp-json\/wp\/v2\/pages\/673\/revisions"}],"predecessor-version":[{"id":1395,"href":"https:\/\/onf-bf.org\/index.php\/wp-json\/wp\/v2\/pages\/673\/revisions\/1395"}],"wp:attachment":[{"href":"https:\/\/onf-bf.org\/index.php\/wp-json\/wp\/v2\/media?parent=673"}],"curies":[{"name":"wp","href":"https:\/\/api.w.org\/{rel}","templated":true}]}}