{"id":641,"date":"2021-01-13T13:22:28","date_gmt":"2021-01-13T12:22:28","guid":{"rendered":"http:\/\/onf-bf.org\/?page_id=641"},"modified":"2021-01-13T13:22:28","modified_gmt":"2021-01-13T12:22:28","slug":"programme-quinquennal-dobservation-2015-2020","status":"publish","type":"page","link":"https:\/\/onf-bf.org\/index.php\/programme-quinquennal-dobservation-2015-2020\/","title":{"rendered":"Programme quinquennal d&rsquo;observation 2015 &#8211; 2020"},"content":{"rendered":"\n<p>Le Programme d&rsquo;Observation de l\u2019Observatoire National du Foncier au Burkina Faso (ONF-BF) d\u00e9finit le cadre technique des interventions de l\u2019Observatoire pour une p\u00e9riode de cinq (05) ans, allant de 2015 \u00e0 2020. Il identifie les activit\u00e9s que m\u00e8nera l\u2019ONF-BF et proc\u00e8de \u00e0 leur planification op\u00e9rationnelle tout en tenant compte des besoins exprim\u00e9s par les diff\u00e9rents acteurs du foncier et des enjeux de la gouvernance fonci\u00e8re au Burkina Faso.<\/p>\n\n\n\n<hr class=\"wp-block-separator\"\/>\n\n\n\n<p>T\u00e9l\u00e9charger la plaquette r\u00e9sumant le Programme d&rsquo;Observation :<\/p>\n\n\n\n<p><a href=\"http:\/\/www.onf-bf.org\/sites\/default\/files\/field\/slideshow\/Plaquette%20ONF-BF.pdf\">Plaquette_ProgrammeQuinquennalObservation_ONF-BF.pdf<\/a><\/p>\n","protected":false},"excerpt":{"rendered":"<p>Le Programme d&rsquo;Observation de l\u2019Observatoire National du Foncier au Burkina Faso (ONF-BF) d\u00e9finit le cadre technique des interventions de l\u2019Observatoire<\/p>\n","protected":false},"author":1,"featured_media":0,"parent":0,"menu_order":0,"comment_status":"closed","ping_status":"closed","template":"","meta":{"footnotes":""},"class_list":["post-641","page","type-page","status-publish","hentry"],"_links":{"self":[{"href":"https:\/\/onf-bf.org\/index.php\/wp-json\/wp\/v2\/pages\/641","targetHints":{"allow":["GET"]}}],"collection":[{"href":"https:\/\/onf-bf.org\/index.php\/wp-json\/wp\/v2\/pages"}],"about":[{"href":"https:\/\/onf-bf.org\/index.php\/wp-json\/wp\/v2\/types\/page"}],"author":[{"embeddable":true,"href":"https:\/\/onf-bf.org\/index.php\/wp-json\/wp\/v2\/users\/1"}],"replies":[{"embeddable":true,"href":"https:\/\/onf-bf.org\/index.php\/wp-json\/wp\/v2\/comments?post=641"}],"version-history":[{"count":2,"href":"https:\/\/onf-bf.org\/index.php\/wp-json\/wp\/v2\/pages\/641\/revisions"}],"predecessor-version":[{"id":1368,"href":"https:\/\/onf-bf.org\/index.php\/wp-json\/wp\/v2\/pages\/641\/revisions\/1368"}],"wp:attachment":[{"href":"https:\/\/onf-bf.org\/index.php\/wp-json\/wp\/v2\/media?parent=641"}],"curies":[{"name":"wp","href":"https:\/\/api.w.org\/{rel}","templated":true}]}}