{"id":631,"date":"2021-01-13T12:19:53","date_gmt":"2021-01-13T11:19:53","guid":{"rendered":"http:\/\/onf-bf.org\/?page_id=631"},"modified":"2021-01-13T12:19:54","modified_gmt":"2021-01-13T11:19:54","slug":"conseil-scientifique","status":"publish","type":"page","link":"https:\/\/onf-bf.org\/index.php\/conseil-scientifique\/","title":{"rendered":"Conseil Scientifique"},"content":{"rendered":"\n<p><\/p>\n\n\n\n<figure class=\"wp-block-table is-style-stripes\"><table><tbody><tr><td>1<\/td><td>Pr\u00e9sident du bureau<\/td><td><strong>Dr. ZONGO <\/strong>Mahamadou<\/td><td>Maitre de conf\u00e9rences \u00e0 l\u2019Universit\u00e9 de Ouagadougou<\/td><\/tr><tr><td>2<\/td><td>Vice pr\u00e9sidente du bureau<\/td><td><strong>OUOBA <\/strong>Rosalie<\/td><td>Consultante Genre<\/td><\/tr><tr><td>3<\/td><td>Rapporteur du bureau<\/td><td><strong>Dr ZONOU <\/strong>Bienvenu<\/td><td>Enseignant-Chercheur \u00e0 l\u2019Institut du D\u00e9veloppement Rural (IDR) \u00e0 l\u2019Universit\u00e9 Polytechnique de Bobo-Dioulasso<\/td><\/tr><tr><td>4<\/td><td>Membre<\/td><td><strong>TOE<\/strong> Paul&nbsp; L\u00e9on<\/td><td>Secr\u00e9taire G\u00e9n\u00e9ral du Minist\u00e8re de l\u2019Urbanisme et de l\u2019Habitat (MUH)<\/td><\/tr><tr><td>5<\/td><td>Membre<\/td><td><strong>OUEDRAOGO<\/strong> Henri<\/td><td>ex Directeur des Affaires Domaniale et Fonci\u00e8re (DADF\/DGI\/MEF)<\/td><\/tr><tr><td>6<\/td><td>Membre<\/td><td><strong>Dr. GARANE <\/strong>Amidou<\/td><td>Maitre de conf\u00e9rences \u00e0 l\u2019Universit\u00e9 de Ouagadougou &nbsp;<\/td><\/tr><tr><td>7<\/td><td>Membre<\/td><td><strong>BARRY <\/strong>Harouna<\/td><td>Consultant Expert en Pastoralisme au Groupe de Recherche et d\u2019Action sur le&nbsp; Foncier (GRAF)<\/td><\/tr><tr><td>8<\/td><td>Membre<\/td><td><strong>ZONGO <\/strong>Koudr\u00e8gma<\/td><td>Coordonnateur du projet Neer-tamba<\/td><\/tr><tr><td>9<\/td><td>Membre<\/td><td><strong>TALL <\/strong>Fatoumata<\/td><td>Expert en Genre et Foncier au Minist\u00e8re de l\u2019Education Nationale et de l\u2019Alphab\u00e9tisation (MENA)<\/td><\/tr><tr><td>10<\/td><td>Membre<\/td><td><strong>OUATTARA&nbsp; <\/strong>Brahima Zi\u00e9<\/td><td>G\u00e9rant ODEC ; Secr\u00e9taire charg\u00e9 des activit\u00e9s scientifiques du Conseil d&rsquo;Administration de l&rsquo;ONF-BF<\/td><\/tr><\/tbody><\/table><\/figure>\n","protected":false},"excerpt":{"rendered":"<p>1 Pr\u00e9sident du bureau Dr. ZONGO Mahamadou Maitre de conf\u00e9rences \u00e0 l\u2019Universit\u00e9 de Ouagadougou 2 Vice pr\u00e9sidente du bureau OUOBA<\/p>\n","protected":false},"author":1,"featured_media":0,"parent":0,"menu_order":0,"comment_status":"closed","ping_status":"closed","template":"","meta":{"footnotes":""},"class_list":["post-631","page","type-page","status-publish","hentry"],"_links":{"self":[{"href":"https:\/\/onf-bf.org\/index.php\/wp-json\/wp\/v2\/pages\/631","targetHints":{"allow":["GET"]}}],"collection":[{"href":"https:\/\/onf-bf.org\/index.php\/wp-json\/wp\/v2\/pages"}],"about":[{"href":"https:\/\/onf-bf.org\/index.php\/wp-json\/wp\/v2\/types\/page"}],"author":[{"embeddable":true,"href":"https:\/\/onf-bf.org\/index.php\/wp-json\/wp\/v2\/users\/1"}],"replies":[{"embeddable":true,"href":"https:\/\/onf-bf.org\/index.php\/wp-json\/wp\/v2\/comments?post=631"}],"version-history":[{"count":1,"href":"https:\/\/onf-bf.org\/index.php\/wp-json\/wp\/v2\/pages\/631\/revisions"}],"predecessor-version":[{"id":632,"href":"https:\/\/onf-bf.org\/index.php\/wp-json\/wp\/v2\/pages\/631\/revisions\/632"}],"wp:attachment":[{"href":"https:\/\/onf-bf.org\/index.php\/wp-json\/wp\/v2\/media?parent=631"}],"curies":[{"name":"wp","href":"https:\/\/api.w.org\/{rel}","templated":true}]}}