{"id":624,"date":"2021-01-13T12:01:15","date_gmt":"2021-01-13T11:01:15","guid":{"rendered":"http:\/\/onf-bf.org\/?page_id=624"},"modified":"2022-05-10T17:10:43","modified_gmt":"2022-05-10T15:10:43","slug":"presentation-objectifs-missions","status":"publish","type":"page","link":"https:\/\/onf-bf.org\/index.php\/presentation-objectifs-missions\/","title":{"rendered":"Pr\u00e9sentation &#038; Objectifs &#038; Missions"},"content":{"rendered":"\t\t<div data-elementor-type=\"wp-page\" data-elementor-id=\"624\" class=\"elementor elementor-624\" data-elementor-settings=\"[]\">\r\n\t\t\t\t\t\t<div class=\"elementor-inner\">\r\n\t\t\t\t\t\t\t<div class=\"elementor-section-wrap\">\r\n\t\t\t\t\t\t\t<section class=\"elementor-section elementor-top-section elementor-element elementor-element-5777e38 elementor-section-boxed elementor-section-height-default elementor-section-height-default\" data-id=\"5777e38\" data-element_type=\"section\">\r\n\t\t\t\t\t\t<div class=\"elementor-container elementor-column-gap-default\">\r\n\t\t\t\t\t\t\t<div class=\"elementor-row\">\r\n\t\t\t\t\t<div class=\"elementor-column elementor-col-100 elementor-top-column elementor-element elementor-element-c1a7672\" data-id=\"c1a7672\" data-element_type=\"column\">\r\n\t\t\t<div class=\"elementor-column-wrap elementor-element-populated\">\r\n\t\t\t\t\t\t\t<div class=\"elementor-widget-wrap\">\r\n\t\t\t\t\t\t<div class=\"elementor-element elementor-element-4b9a864 elementor-widget elementor-widget-heading\" data-id=\"4b9a864\" data-element_type=\"widget\" data-widget_type=\"heading.default\">\r\n\t\t\t\t<div class=\"elementor-widget-container\">\r\n\t\t\t<h4 class=\"elementor-heading-title elementor-size-default\">Observatoire National du Foncier au  Burkina Faso<br><\/h4>\t\t<\/div>\r\n\t\t\t\t<\/div>\r\n\t\t\t\t\t\t<\/div>\r\n\t\t\t\t\t<\/div>\r\n\t\t<\/div>\r\n\t\t\t\t\t\t\t\t<\/div>\r\n\t\t\t\t\t<\/div>\r\n\t\t<\/section>\r\n\t\t\t\t<section class=\"elementor-section elementor-top-section elementor-element elementor-element-8cfe0e5 elementor-section-boxed elementor-section-height-default elementor-section-height-default\" data-id=\"8cfe0e5\" data-element_type=\"section\">\r\n\t\t\t\t\t\t<div class=\"elementor-container elementor-column-gap-default\">\r\n\t\t\t\t\t\t\t<div class=\"elementor-row\">\r\n\t\t\t\t\t<div class=\"elementor-column elementor-col-100 elementor-top-column elementor-element elementor-element-b0cf74c\" data-id=\"b0cf74c\" data-element_type=\"column\">\r\n\t\t\t<div class=\"elementor-column-wrap elementor-element-populated\">\r\n\t\t\t\t\t\t\t<div class=\"elementor-widget-wrap\">\r\n\t\t\t\t\t\t<div class=\"elementor-element elementor-element-dcf317b elementor-widget elementor-widget-text-editor\" data-id=\"dcf317b\" data-element_type=\"widget\" data-widget_type=\"text-editor.default\">\r\n\t\t\t\t<div class=\"elementor-widget-container\">\r\n\t\t\t\t\t\t\t\t<div class=\"elementor-text-editor elementor-clearfix\">\r\n\t\t\t\t<p>L\u2019ONF-BF a pour mission de contribuer \u00e0 l\u2019am\u00e9lioration de la gouvernance fonci\u00e8re \u00e0 travers la production et la diffusion d\u2019informations fonci\u00e8res en vue de faire du foncier, un facteur de d\u00e9veloppement durable.<\/p>\t\t\t\t\t<\/div>\r\n\t\t\t\t\t\t<\/div>\r\n\t\t\t\t<\/div>\r\n\t\t\t\t\t\t<\/div>\r\n\t\t\t\t\t<\/div>\r\n\t\t<\/div>\r\n\t\t\t\t\t\t\t\t<\/div>\r\n\t\t\t\t\t<\/div>\r\n\t\t<\/section>\r\n\t\t\t\t<section class=\"elementor-section elementor-top-section elementor-element elementor-element-c94152e elementor-section-boxed elementor-section-height-default elementor-section-height-default\" data-id=\"c94152e\" data-element_type=\"section\">\r\n\t\t\t\t\t\t<div class=\"elementor-container elementor-column-gap-default\">\r\n\t\t\t\t\t\t\t<div class=\"elementor-row\">\r\n\t\t\t\t\t<div class=\"elementor-column elementor-col-100 elementor-top-column elementor-element elementor-element-aa0b217\" data-id=\"aa0b217\" data-element_type=\"column\">\r\n\t\t\t<div class=\"elementor-column-wrap elementor-element-populated\">\r\n\t\t\t\t\t\t\t<div class=\"elementor-widget-wrap\">\r\n\t\t\t\t\t\t<div class=\"elementor-element elementor-element-9df41cb elementor-widget elementor-widget-text-editor\" data-id=\"9df41cb\" data-element_type=\"widget\" data-widget_type=\"text-editor.default\">\r\n\t\t\t\t<div class=\"elementor-widget-container\">\r\n\t\t\t\t\t\t\t\t<div class=\"elementor-text-editor elementor-clearfix\">\r\n\t\t\t\t<p>\u00a0Entam\u00e9 en 2011 dans un contexte marqu\u00e9 par des initiatives internationales notamment le sommet du G8 initi\u00e9 en juin 2013 sur la transparence pour l\u2019am\u00e9lioration de la gouvernance fonci\u00e8re, le processus de cr\u00e9ation de l\u2019ONF-BF a abouti le 03 juillet 2014 par la tenue d\u2019une assembl\u00e9e g\u00e9n\u00e9rale<br \/>constitutive qui a mis en place une association \u00e0 but non lucratif, apolitique et<br \/>non confessionnelle d\u00e9nomm\u00e9e \u00abObservatoire National du Foncier au Burkina Faso\u00bb, en abr\u00e9g\u00e9 ONF-BF, r\u00e9gie par la Loi N\u00b0 10\/92\/ADP du 15 d\u00e9cembre<br \/>1992 portant libert\u00e9 d\u2019association au Burkina Faso.<\/p>\t\t\t\t\t<\/div>\r\n\t\t\t\t\t\t<\/div>\r\n\t\t\t\t<\/div>\r\n\t\t\t\t\t\t<\/div>\r\n\t\t\t\t\t<\/div>\r\n\t\t<\/div>\r\n\t\t\t\t\t\t\t\t<\/div>\r\n\t\t\t\t\t<\/div>\r\n\t\t<\/section>\r\n\t\t\t\t<section class=\"elementor-section elementor-top-section elementor-element elementor-element-c044074 elementor-section-boxed elementor-section-height-default elementor-section-height-default\" data-id=\"c044074\" data-element_type=\"section\">\r\n\t\t\t\t\t\t<div class=\"elementor-container elementor-column-gap-default\">\r\n\t\t\t\t\t\t\t<div class=\"elementor-row\">\r\n\t\t\t\t\t<div class=\"elementor-column elementor-col-100 elementor-top-column elementor-element elementor-element-a5e264b\" data-id=\"a5e264b\" data-element_type=\"column\">\r\n\t\t\t<div class=\"elementor-column-wrap elementor-element-populated\">\r\n\t\t\t\t\t\t\t<div class=\"elementor-widget-wrap\">\r\n\t\t\t\t\t\t<div class=\"elementor-element elementor-element-e66b3cd elementor-widget elementor-widget-text-editor\" data-id=\"e66b3cd\" data-element_type=\"widget\" data-widget_type=\"text-editor.default\">\r\n\t\t\t\t<div class=\"elementor-widget-container\">\r\n\t\t\t\t\t\t\t\t<div class=\"elementor-text-editor elementor-clearfix\">\r\n\t\t\t\t<p>Nos principales attributions servent :\u00a0<\/p><ul><li>\u00a0\u00c0 produire, collecter, traiter et capitaliser l\u2019information fonci\u00e8re afin d\u2019aider \u00e0 la prise de d\u00e9cision aux niveaux national et local ;<\/li><li>\u00c0 analyser et \u00e9clairer les probl\u00e9matiques fonci\u00e8res nationales et locales, pour accompagner les r\u00e9formes politiques, institutionnelles et juridiques en cours et pr\u00e9parer, dans une d\u00e9marche prospective, les r\u00e9formes futures ;\u00a0<\/li><li>\u00c0 diffuser et vulgariser l\u2019information sur les principales th\u00e9matiques fonci\u00e8res afin d\u2019en faciliter l\u2019acc\u00e8s aux populations ;\u00a0<\/li><li>\u00c0 coordonner, rassembler, centraliser et g\u00e9rer les diff\u00e9rentes initiatives prises dans le domaine de l\u2019information sur le foncier tant au niveau national que local ;<\/li><li>\u00c0 enrichir la r\u00e9flexion et valoriser les innovations en mati\u00e8re de gouvernance fonci\u00e8re ;\u00a0<\/li><li>\u00c0 apporter un appui \u00e0 l\u2019\u00e9valuation participative des politiques, de la l\u00e9gislation et des institutions en mati\u00e8re fonci\u00e8re ;<\/li><li>\u00c0 assurer la veille et l\u2019anticipation en mati\u00e8re fonci\u00e8re en vue d\u2019am\u00e9liorer la prise de d\u00e9cision efficace et de pr\u00e9venir les conflits fonciers ;\u00a0<\/li><li>\u00c0 faciliter la recherche du consensus sur les grandes questions fonci\u00e8res et les moyens d\u2019y r\u00e9pondre \u00e0 travers des espaces appropri\u00e9s de concertation fonci\u00e8re;<\/li><li>\u00c0 identifier et mobiliser les partenaires \u00e0 travers la cr\u00e9ation d\u2019un r\u00e9seau d\u2019acteurs afin de promouvoir des partenariats efficaces dans le domaine foncier ;<\/li><li>\u00c0 contribuer \u00e0 la pr\u00e9vention et \u00e0 la r\u00e9solution pacifique des conflits fonciers au Burkina Faso. (Article 4 des Statuts de l\u2019ONF-BF).<\/li><\/ul>\t\t\t\t\t<\/div>\r\n\t\t\t\t\t\t<\/div>\r\n\t\t\t\t<\/div>\r\n\t\t\t\t\t\t<\/div>\r\n\t\t\t\t\t<\/div>\r\n\t\t<\/div>\r\n\t\t\t\t\t\t\t\t<\/div>\r\n\t\t\t\t\t<\/div>\r\n\t\t<\/section>\r\n\t\t\t\t<section class=\"elementor-section elementor-top-section elementor-element elementor-element-9363b87 elementor-section-boxed elementor-section-height-default elementor-section-height-default\" data-id=\"9363b87\" data-element_type=\"section\">\r\n\t\t\t\t\t\t<div class=\"elementor-container elementor-column-gap-default\">\r\n\t\t\t\t\t\t\t<div class=\"elementor-row\">\r\n\t\t\t\t\t<div class=\"elementor-column elementor-col-100 elementor-top-column elementor-element elementor-element-6eb4dcb\" data-id=\"6eb4dcb\" data-element_type=\"column\">\r\n\t\t\t<div class=\"elementor-column-wrap elementor-element-populated\">\r\n\t\t\t\t\t\t\t<div class=\"elementor-widget-wrap\">\r\n\t\t\t\t\t\t<div class=\"elementor-element elementor-element-6ba7a3d elementor-widget elementor-widget-shortcode\" data-id=\"6ba7a3d\" data-element_type=\"widget\" data-widget_type=\"shortcode.default\">\r\n\t\t\t\t<div class=\"elementor-widget-container\">\r\n\t\t\t\t\t<div class=\"elementor-shortcode\"><div class=\"_df_book df-lite\" id=\"df_1174\"  data-title=\"presentation\" _slug=\"presentation\" wpoptions=\"true\" thumbtype=\"bg\" ><p class=\"df-raw-loading\">Please wait while flipbook is loading. For more related info, FAQs and issues please refer to <a href=\"https:\/\/wordpress.org\/plugins\/3d-flipbook-dflip-lite\/#installation\">DearFlip WordPress Flipbook Plugin Help<\/a> documentation.<\/p><\/div><script class=\"df-shortcode-script\" type=\"application\/javascript\">window.option_df_1174 = {\"webgl\":\"false\",\"outline\":[],\"height\":\"500\",\"forceFit\":\"true\",\"autoEnableOutline\":\"false\",\"autoEnableThumbnail\":\"false\",\"overwritePDFOutline\":\"false\",\"direction\":\"1\",\"pageSize\":\"1\",\"soundEnable\":\"false\",\"autoPlayStart\":\"true\",\"source\":\"http:\\\/\\\/onf-bf.org\\\/wp-content\\\/uploads\\\/2022\\\/04\\\/CATALOGUE-ONF-copie-3-2-1.pdf\",\"wpOptions\":\"true\"}; if(window.DFLIP && window.DFLIP.parseBooks){window.DFLIP.parseBooks();}<\/script><\/div>\r\n\t\t\t\t<\/div>\r\n\t\t\t\t<\/div>\r\n\t\t\t\t\t\t<\/div>\r\n\t\t\t\t\t<\/div>\r\n\t\t<\/div>\r\n\t\t\t\t\t\t\t\t<\/div>\r\n\t\t\t\t\t<\/div>\r\n\t\t<\/section>\r\n\t\t\t\t\t\t<\/div>\r\n\t\t\t\t\t\t<\/div>\r\n\t\t\t\t\t<\/div>\r\n\t\t","protected":false},"excerpt":{"rendered":"<p>Observatoire National du Foncier au Burkina Faso L\u2019ONF-BF a pour mission de contribuer \u00e0 l\u2019am\u00e9lioration de la gouvernance fonci\u00e8re \u00e0<\/p>\n","protected":false},"author":1,"featured_media":0,"parent":0,"menu_order":0,"comment_status":"closed","ping_status":"closed","template":"elementor_theme","meta":{"footnotes":""},"class_list":["post-624","page","type-page","status-publish","hentry"],"_links":{"self":[{"href":"https:\/\/onf-bf.org\/index.php\/wp-json\/wp\/v2\/pages\/624","targetHints":{"allow":["GET"]}}],"collection":[{"href":"https:\/\/onf-bf.org\/index.php\/wp-json\/wp\/v2\/pages"}],"about":[{"href":"https:\/\/onf-bf.org\/index.php\/wp-json\/wp\/v2\/types\/page"}],"author":[{"embeddable":true,"href":"https:\/\/onf-bf.org\/index.php\/wp-json\/wp\/v2\/users\/1"}],"replies":[{"embeddable":true,"href":"https:\/\/onf-bf.org\/index.php\/wp-json\/wp\/v2\/comments?post=624"}],"version-history":[{"count":16,"href":"https:\/\/onf-bf.org\/index.php\/wp-json\/wp\/v2\/pages\/624\/revisions"}],"predecessor-version":[{"id":1230,"href":"https:\/\/onf-bf.org\/index.php\/wp-json\/wp\/v2\/pages\/624\/revisions\/1230"}],"wp:attachment":[{"href":"https:\/\/onf-bf.org\/index.php\/wp-json\/wp\/v2\/media?parent=624"}],"curies":[{"name":"wp","href":"https:\/\/api.w.org\/{rel}","templated":true}]}}