{"id":1005,"date":"2021-03-10T11:37:20","date_gmt":"2021-03-10T10:37:20","guid":{"rendered":"https:\/\/onf-bf.org\/?page_id=1005"},"modified":"2022-03-30T19:39:22","modified_gmt":"2022-03-30T17:39:22","slug":"projet-pro-arides","status":"publish","type":"page","link":"https:\/\/onf-bf.org\/index.php\/projet-pro-arides\/","title":{"rendered":"Projet PRO-ARIDES"},"content":{"rendered":"\t\t<div data-elementor-type=\"wp-page\" data-elementor-id=\"1005\" class=\"elementor elementor-1005\" data-elementor-settings=\"[]\">\r\n\t\t\t\t\t\t<div class=\"elementor-inner\">\r\n\t\t\t\t\t\t\t<div class=\"elementor-section-wrap\">\r\n\t\t\t\t\t\t\t<section class=\"elementor-section elementor-top-section elementor-element elementor-element-172e8bb elementor-section-boxed elementor-section-height-default elementor-section-height-default\" data-id=\"172e8bb\" data-element_type=\"section\">\r\n\t\t\t\t\t\t<div class=\"elementor-container elementor-column-gap-default\">\r\n\t\t\t\t\t\t\t<div class=\"elementor-row\">\r\n\t\t\t\t\t<div class=\"elementor-column elementor-col-100 elementor-top-column elementor-element elementor-element-5c9eccc\" data-id=\"5c9eccc\" data-element_type=\"column\">\r\n\t\t\t<div class=\"elementor-column-wrap elementor-element-populated\">\r\n\t\t\t\t\t\t\t<div class=\"elementor-widget-wrap\">\r\n\t\t\t\t\t\t<div class=\"elementor-element elementor-element-082dca8 elementor-widget elementor-widget-heading\" data-id=\"082dca8\" data-element_type=\"widget\" data-widget_type=\"heading.default\">\r\n\t\t\t\t<div class=\"elementor-widget-container\">\r\n\t\t\t<h4 class=\"elementor-heading-title elementor-size-default\">Le Programme Agroalimentaire pour la R\u00e9silience Int\u00e9gr\u00e9e et le D\u00e9veloppement Economique au Sahel (PRO-ARIDES)<\/h4>\t\t<\/div>\r\n\t\t\t\t<\/div>\r\n\t\t\t\t\t\t<\/div>\r\n\t\t\t\t\t<\/div>\r\n\t\t<\/div>\r\n\t\t\t\t\t\t\t\t<\/div>\r\n\t\t\t\t\t<\/div>\r\n\t\t<\/section>\r\n\t\t\t\t<section class=\"elementor-section elementor-top-section elementor-element elementor-element-4e20b08 elementor-section-boxed elementor-section-height-default elementor-section-height-default\" data-id=\"4e20b08\" data-element_type=\"section\">\r\n\t\t\t\t\t\t<div class=\"elementor-container elementor-column-gap-default\">\r\n\t\t\t\t\t\t\t<div class=\"elementor-row\">\r\n\t\t\t\t\t<div class=\"elementor-column elementor-col-100 elementor-top-column elementor-element elementor-element-71199ef1\" data-id=\"71199ef1\" data-element_type=\"column\">\r\n\t\t\t<div class=\"elementor-column-wrap elementor-element-populated\">\r\n\t\t\t\t\t\t\t<div class=\"elementor-widget-wrap\">\r\n\t\t\t\t\t\t<div class=\"elementor-element elementor-element-7bf54a1 elementor-widget elementor-widget-text-editor\" data-id=\"7bf54a1\" data-element_type=\"widget\" data-widget_type=\"text-editor.default\">\r\n\t\t\t\t<div class=\"elementor-widget-container\">\r\n\t\t\t\t\t\t\t\t<div class=\"elementor-text-editor elementor-clearfix\">\r\n\t\t\t\t<p><!-- wp:paragraph --><\/p>\n<p><span style=\"font-family: &quot;Open Sans&quot;, serif; font-size: 15px; color: var( --e-global-color-text );\">&nbsp;Le Programme Agroalimentaire pour la R\u00e9silience Int\u00e9gr\u00e9e et le D\u00e9veloppement Economique au Sahel (PRO-ARIDES) est financ\u00e9 par le Minist\u00e8re des Affaires \u00e9trang\u00e8res des Pays-Bas. Il est mis en \u0153uvre par le consortium SNV (Chef de file), CARE, WUR, KIT et leurs partenaires locaux dans trois pays du sahel \u00e0 savoir le Burkina Faso, le Mali et le Niger. L\u2019objectif global du programme est de Contribuer \u00e0 une r\u00e9silience, une s\u00e9curit\u00e9 alimentaire et des revenus des m\u00e9nages agricoles et (agro-) pastoraux accrus dans la zone soudano-sah\u00e9lienne du Burkina Faso, du Mali et du Niger, gr\u00e2ce \u00e0 des institutions et organisations d\u00e9centralis\u00e9es efficaces pour une prestation de services, gestion des ressources naturelles et des terres et un d\u00e9veloppement \u00e9conomique local am\u00e9lior\u00e9s. Au Burkina Faso, le programme couvre les r\u00e9gions de la Boucle du Mouhoun, le Centre-Ouest, l\u2019Est et le Nord. Les partenaires locaux de mise en \u0153uvre sont l\u2019ONF-BF, la CNA et la FEPAB. ONF-BF est responsable de la trajectoire 3 intitul\u00e9 \u00ab&nbsp;Gestion durable des terres, de l\u2019eau et des autres ressources naturelles gr\u00e2ce \u00e0 des dispositifs permettant l\u2019utilisation pacifi\u00e9e et collective des ressources&nbsp;\u00bb.<\/span><br><\/p>\n<p><!-- \/wp:paragraph --><\/p>\t\t\t\t\t<\/div>\r\n\t\t\t\t\t\t<\/div>\r\n\t\t\t\t<\/div>\r\n\t\t\t\t\t\t<\/div>\r\n\t\t\t\t\t<\/div>\r\n\t\t<\/div>\r\n\t\t\t\t\t\t\t\t<\/div>\r\n\t\t\t\t\t<\/div>\r\n\t\t<\/section>\r\n\t\t\t\t\t\t<\/div>\r\n\t\t\t\t\t\t<\/div>\r\n\t\t\t\t\t<\/div>\r\n\t\t","protected":false},"excerpt":{"rendered":"<p>Le Programme Agroalimentaire pour la R\u00e9silience Int\u00e9gr\u00e9e et le D\u00e9veloppement Economique au Sahel (PRO-ARIDES) &nbsp;Le Programme Agroalimentaire pour la R\u00e9silience<\/p>\n","protected":false},"author":1,"featured_media":0,"parent":0,"menu_order":0,"comment_status":"closed","ping_status":"closed","template":"","meta":{"footnotes":""},"class_list":["post-1005","page","type-page","status-publish","hentry"],"_links":{"self":[{"href":"https:\/\/onf-bf.org\/index.php\/wp-json\/wp\/v2\/pages\/1005","targetHints":{"allow":["GET"]}}],"collection":[{"href":"https:\/\/onf-bf.org\/index.php\/wp-json\/wp\/v2\/pages"}],"about":[{"href":"https:\/\/onf-bf.org\/index.php\/wp-json\/wp\/v2\/types\/page"}],"author":[{"embeddable":true,"href":"https:\/\/onf-bf.org\/index.php\/wp-json\/wp\/v2\/users\/1"}],"replies":[{"embeddable":true,"href":"https:\/\/onf-bf.org\/index.php\/wp-json\/wp\/v2\/comments?post=1005"}],"version-history":[{"count":4,"href":"https:\/\/onf-bf.org\/index.php\/wp-json\/wp\/v2\/pages\/1005\/revisions"}],"predecessor-version":[{"id":1065,"href":"https:\/\/onf-bf.org\/index.php\/wp-json\/wp\/v2\/pages\/1005\/revisions\/1065"}],"wp:attachment":[{"href":"https:\/\/onf-bf.org\/index.php\/wp-json\/wp\/v2\/media?parent=1005"}],"curies":[{"name":"wp","href":"https:\/\/api.w.org\/{rel}","templated":true}]}}